{"id":473,"date":"2025-08-14T13:34:08","date_gmt":"2025-08-14T11:34:08","guid":{"rendered":"https:\/\/tech4fab.crosss3.eu\/onderzoeksdemonstratoren\/dr4-outillages-intelligents-avec-conformal-cooling\/"},"modified":"2025-09-08T15:32:37","modified_gmt":"2025-09-08T13:32:37","slug":"dr4-outillages-intelligents-avec-conformal-cooling","status":"publish","type":"page","link":"https:\/\/tech4fab.crosss3.eu\/nl\/onderzoeksdemonstratoren\/dr4-outillages-intelligents-avec-conformal-cooling\/","title":{"rendered":"DR4 : Outillages intelligents avec &#8220;conformal cooling&#8221;"},"content":{"rendered":"\n<div class=\"wp-block-cover cross-banner has-base-color has-text-color has-link-color wp-elements-17474e2d8ad31f183cc53c7b19167d83\" style=\"border-radius:1.5rem;margin-top:0;margin-bottom:0;padding-top:0;padding-right:0;padding-bottom:0;padding-left:0;min-height:50px;aspect-ratio:unset;\"><img loading=\"lazy\" decoding=\"async\" width=\"1920\" height=\"1279\" class=\"wp-block-cover__image-background wp-image-349 size-full\" alt=\"\" src=\"https:\/\/tech4fab.crosss3.eu\/wp-content\/uploads\/sites\/8\/2025\/08\/minku-kang-acnintiifd8-unsplash.jpg\" data-object-fit=\"cover\" srcset=\"https:\/\/tech4fab.crosss3.eu\/wp-content\/uploads\/sites\/8\/2025\/08\/minku-kang-acnintiifd8-unsplash.jpg 1920w, https:\/\/tech4fab.crosss3.eu\/wp-content\/uploads\/sites\/8\/2025\/08\/minku-kang-acnintiifd8-unsplash-300x200.jpg 300w, https:\/\/tech4fab.crosss3.eu\/wp-content\/uploads\/sites\/8\/2025\/08\/minku-kang-acnintiifd8-unsplash-1024x682.jpg 1024w, https:\/\/tech4fab.crosss3.eu\/wp-content\/uploads\/sites\/8\/2025\/08\/minku-kang-acnintiifd8-unsplash-768x512.jpg 768w, https:\/\/tech4fab.crosss3.eu\/wp-content\/uploads\/sites\/8\/2025\/08\/minku-kang-acnintiifd8-unsplash-1536x1023.jpg 1536w, https:\/\/tech4fab.crosss3.eu\/wp-content\/uploads\/sites\/8\/2025\/08\/minku-kang-acnintiifd8-unsplash-600x400.jpg 600w, https:\/\/tech4fab.crosss3.eu\/wp-content\/uploads\/sites\/8\/2025\/08\/minku-kang-acnintiifd8-unsplash-1200x799.jpg 1200w, https:\/\/tech4fab.crosss3.eu\/wp-content\/uploads\/sites\/8\/2025\/08\/minku-kang-acnintiifd8-unsplash-1621x1080.jpg 1621w\" sizes=\"auto, (max-width: 1920px) 100vw, 1920px\" \/><span aria-hidden=\"true\" class=\"wp-block-cover__background has-background-dim-100 has-background-dim wp-block-cover__gradient-background has-background-gradient has-primary-gradient-background\"><\/span><div class=\"wp-block-cover__inner-container is-layout-flow wp-container-core-cover-is-layout-d9797ee2 wp-block-cover-is-layout-flow\">\n<div class=\"wp-block-group cross-banner__pattern is-layout-flow wp-block-group-is-layout-flow\" style=\"--octopods-group-background-image:url(https:\/\/crosss.eu\/wp-content\/uploads\/2025\/05\/pattern-white.svg);--octopods-group-background-position:50% 50%;--octopods-group-background-size:auto auto;--octopods-group-background-repeat:repeat;--octopods-group-background-attachment:scroll;--octopods-group-position:absolute;--octopods-group-top:0px;--octopods-group-bottom:0px;--octopods-group-left:0px;--octopods-group-right:0px\" data-aos=\"fade\" data-aos-duration=\"650\" data-aos-easing=\"ease-in-out\" data-aos-once=\"true\"><\/div>\n\n\n\n<div data-aos-duration=\"800\" data-aos-easing=\"ease-out-cubic\" data-aos-once=\"true\" data-aos=\"scale-in-x\" class=\"wp-block-group is-vertical is-content-justification-center is-layout-flex wp-container-core-group-is-layout-58689a44 wp-block-group-is-layout-flex\" style=\"margin-top:0;margin-bottom:0;padding-top:var(--wp--preset--spacing--xx-large);padding-bottom:var(--wp--preset--spacing--xx-large)\">\n<div class=\"wp-block-group is-layout-flow wp-block-group-is-layout-flow\" style=\"font-style:normal;font-weight:300;letter-spacing:0.3em;text-transform:uppercase\">\n<p>onderzoeksdemonstratoren<\/p>\n<\/div>\n\n\n<h1 class=\"has-text-align-center wp-block-post-title has-xxx-large-font-size\">DR4 : Outillages intelligents avec &#8220;conformal cooling&#8221;<\/h1><\/div>\n<\/div><\/div>\n\n\n<h3 class=\"wp-block-heading\" id=\"presentatie\">Presentatie<\/h3>\n\n\n<p>Het doel van deze demonstrator is om de prestaties te verbeteren en de totale kosten van metalen gereedschappen (voor smederijen, gieterijen, enz.) te verlagen door het beste van verschillende additive manufacturing-technologie\u00ebn te combineren. De aanpak bestaat erin een 3D-drager met geoptimaliseerde topologie te cre\u00ebren, waarin complexe koelkanalen zijn ge\u00efntegreerd die zich aanpassen aan de vorm van het onderdeel (\u201cconformal cooling\u201d) en roosterstructuren om het gewicht te verminderen. Vervolgens worden alleen op de functionele oppervlakken resistente coatings aangebracht door middel van DED-depositie, waardoor de levensduur van het gereedschap wordt verlengd.  <\/p>\n\n\n\n<div class=\"wp-block-media-text is-stacked-on-mobile\"><figure class=\"wp-block-media-text__media\"><\/figure><div class=\"wp-block-media-text__content\"><h2 class=\"wp-block-heading has-text-align-center\" id=\"voorbeeld-van-gereedschap-verkregen-door-combinatie-van-lbm-amp-ded\">Voorbeeld van gereedschap verkregen door combinatie van LBM &amp; DED<\/h2>\n\n\n<p><\/p>\n<\/div><\/div>\n\n\n<h3 class=\"wp-block-heading\" id=\"partners\">Partners<\/h3>\n\n\n<p>De partners die aan deze demonstrator meewerken zijn Platinium 3D (Fr) en Sirris (Be).<\/p>\n","protected":false},"excerpt":{"rendered":"<p>Presentatie Het doel van deze demonstrator is om de prestaties te verbeteren en de totale kosten van metalen gereedschappen (voor smederijen, gieterijen, enz.) te verlagen door het beste van verschillende additive manufacturing-technologie\u00ebn te combineren. De aanpak bestaat erin een 3D-drager met geoptimaliseerde topologie te cre\u00ebren, waarin complexe koelkanalen zijn ge\u00efntegreerd die zich aanpassen aan de [&hellip;]<\/p>\n","protected":false},"author":1,"featured_media":0,"parent":466,"menu_order":0,"comment_status":"closed","ping_status":"closed","template":"no-title","meta":{"_acf_changed":false,"inline_featured_image":false,"parent_blog_id":0,"footnotes":""},"class_list":["post-473","page","type-page","status-publish","hentry"],"acf":[],"yoast_head":"<!-- This site is optimized with the Yoast SEO plugin v27.0 - https:\/\/yoast.com\/product\/yoast-seo-wordpress\/ -->\n<title>DR4 : Outillages intelligents avec &quot;conformal cooling&quot; - TECH4FAB<\/title>\n<meta name=\"robots\" content=\"index, follow, max-snippet:-1, max-image-preview:large, max-video-preview:-1\" \/>\n<link rel=\"canonical\" href=\"https:\/\/tech4fab.crosss3.eu\/nl\/onderzoeksdemonstratoren\/dr4-outillages-intelligents-avec-conformal-cooling\/\" \/>\n<meta property=\"og:locale\" content=\"nl_NL\" \/>\n<meta property=\"og:type\" content=\"article\" \/>\n<meta property=\"og:title\" content=\"DR4 : Outillages intelligents avec &quot;conformal cooling&quot; - TECH4FAB\" \/>\n<meta property=\"og:description\" content=\"Presentatie Het doel van deze demonstrator is om de prestaties te verbeteren en de totale kosten van metalen gereedschappen (voor smederijen, gieterijen, enz.) te verlagen door het beste van verschillende additive manufacturing-technologie\u00ebn te combineren. De aanpak bestaat erin een 3D-drager met geoptimaliseerde topologie te cre\u00ebren, waarin complexe koelkanalen zijn ge\u00efntegreerd die zich aanpassen aan de [&hellip;]\" \/>\n<meta property=\"og:url\" content=\"https:\/\/tech4fab.crosss3.eu\/nl\/onderzoeksdemonstratoren\/dr4-outillages-intelligents-avec-conformal-cooling\/\" \/>\n<meta property=\"og:site_name\" content=\"TECH4FAB\" \/>\n<meta property=\"article:modified_time\" content=\"2025-09-08T13:32:37+00:00\" \/>\n<meta property=\"og:image\" content=\"https:\/\/tech4fab.crosss3.eu\/wp-content\/uploads\/sites\/8\/2025\/08\/minku-kang-acnintiifd8-unsplash.jpg\" \/>\n\t<meta property=\"og:image:width\" content=\"1920\" \/>\n\t<meta property=\"og:image:height\" content=\"1279\" \/>\n\t<meta property=\"og:image:type\" content=\"image\/jpeg\" \/>\n<meta name=\"twitter:card\" content=\"summary_large_image\" \/>\n<meta name=\"twitter:label1\" content=\"Geschatte leestijd\" \/>\n\t<meta name=\"twitter:data1\" content=\"1 minuut\" \/>\n<script type=\"application\/ld+json\" class=\"yoast-schema-graph\">{\"@context\":\"https:\/\/schema.org\",\"@graph\":[{\"@type\":\"WebPage\",\"@id\":\"https:\/\/tech4fab.crosss3.eu\/nl\/onderzoeksdemonstratoren\/dr4-outillages-intelligents-avec-conformal-cooling\/\",\"url\":\"https:\/\/tech4fab.crosss3.eu\/nl\/onderzoeksdemonstratoren\/dr4-outillages-intelligents-avec-conformal-cooling\/\",\"name\":\"DR4 : Outillages intelligents avec \\\"conformal cooling\\\" - TECH4FAB\",\"isPartOf\":{\"@id\":\"https:\/\/tech4fab.crosss3.eu\/#website\"},\"primaryImageOfPage\":{\"@id\":\"https:\/\/tech4fab.crosss3.eu\/nl\/onderzoeksdemonstratoren\/dr4-outillages-intelligents-avec-conformal-cooling\/#primaryimage\"},\"image\":{\"@id\":\"https:\/\/tech4fab.crosss3.eu\/nl\/onderzoeksdemonstratoren\/dr4-outillages-intelligents-avec-conformal-cooling\/#primaryimage\"},\"thumbnailUrl\":\"https:\/\/tech4fab.crosss3.eu\/wp-content\/uploads\/sites\/8\/2025\/08\/minku-kang-acnintiifd8-unsplash.jpg\",\"datePublished\":\"2025-08-14T11:34:08+00:00\",\"dateModified\":\"2025-09-08T13:32:37+00:00\",\"breadcrumb\":{\"@id\":\"https:\/\/tech4fab.crosss3.eu\/nl\/onderzoeksdemonstratoren\/dr4-outillages-intelligents-avec-conformal-cooling\/#breadcrumb\"},\"inLanguage\":\"nl-NL\",\"potentialAction\":[{\"@type\":\"ReadAction\",\"target\":[\"https:\/\/tech4fab.crosss3.eu\/nl\/onderzoeksdemonstratoren\/dr4-outillages-intelligents-avec-conformal-cooling\/\"]}]},{\"@type\":\"ImageObject\",\"inLanguage\":\"nl-NL\",\"@id\":\"https:\/\/tech4fab.crosss3.eu\/nl\/onderzoeksdemonstratoren\/dr4-outillages-intelligents-avec-conformal-cooling\/#primaryimage\",\"url\":\"https:\/\/tech4fab.crosss3.eu\/wp-content\/uploads\/sites\/8\/2025\/08\/minku-kang-acnintiifd8-unsplash.jpg\",\"contentUrl\":\"https:\/\/tech4fab.crosss3.eu\/wp-content\/uploads\/sites\/8\/2025\/08\/minku-kang-acnintiifd8-unsplash.jpg\"},{\"@type\":\"BreadcrumbList\",\"@id\":\"https:\/\/tech4fab.crosss3.eu\/nl\/onderzoeksdemonstratoren\/dr4-outillages-intelligents-avec-conformal-cooling\/#breadcrumb\",\"itemListElement\":[{\"@type\":\"ListItem\",\"position\":1,\"name\":\"Accueil\",\"item\":\"https:\/\/tech4fab.crosss3.eu\/nl\/home\/\"},{\"@type\":\"ListItem\",\"position\":2,\"name\":\"Onderzoeksdemonstratoren\",\"item\":\"https:\/\/tech4fab.crosss3.eu\/onderzoeksdemonstratoren\/\"},{\"@type\":\"ListItem\",\"position\":3,\"name\":\"DR4 : Outillages intelligents avec \u00ab\u00a0conformal cooling\u00a0\u00bb\"}]},{\"@type\":\"WebSite\",\"@id\":\"https:\/\/tech4fab.crosss3.eu\/#website\",\"url\":\"https:\/\/tech4fab.crosss3.eu\/\",\"name\":\"TECH4FAB\",\"description\":\"Technop\u00f4le de Fabrication Avanc\u00e9e\",\"publisher\":{\"@id\":\"https:\/\/tech4fab.crosss3.eu\/#organization\"},\"potentialAction\":[{\"@type\":\"SearchAction\",\"target\":{\"@type\":\"EntryPoint\",\"urlTemplate\":\"https:\/\/tech4fab.crosss3.eu\/?s={search_term_string}\"},\"query-input\":{\"@type\":\"PropertyValueSpecification\",\"valueRequired\":true,\"valueName\":\"search_term_string\"}}],\"inLanguage\":\"nl-NL\"},{\"@type\":\"Organization\",\"@id\":\"https:\/\/tech4fab.crosss3.eu\/#organization\",\"name\":\"TECH4FAB\",\"url\":\"https:\/\/tech4fab.crosss3.eu\/\",\"logo\":{\"@type\":\"ImageObject\",\"inLanguage\":\"nl-NL\",\"@id\":\"https:\/\/tech4fab.crosss3.eu\/#\/schema\/logo\/image\/\",\"url\":\"https:\/\/tech4fab.crosss3.eu\/wp-content\/uploads\/sites\/8\/2025\/10\/logo-tech4-crossS3-rvb-600x337-1.jpg\",\"contentUrl\":\"https:\/\/tech4fab.crosss3.eu\/wp-content\/uploads\/sites\/8\/2025\/10\/logo-tech4-crossS3-rvb-600x337-1.jpg\",\"width\":600,\"height\":337,\"caption\":\"TECH4FAB\"},\"image\":{\"@id\":\"https:\/\/tech4fab.crosss3.eu\/#\/schema\/logo\/image\/\"}}]}<\/script>\n<!-- \/ Yoast SEO plugin. -->","yoast_head_json":{"title":"DR4 : Outillages intelligents avec \"conformal cooling\" - TECH4FAB","robots":{"index":"index","follow":"follow","max-snippet":"max-snippet:-1","max-image-preview":"max-image-preview:large","max-video-preview":"max-video-preview:-1"},"canonical":"https:\/\/tech4fab.crosss3.eu\/nl\/onderzoeksdemonstratoren\/dr4-outillages-intelligents-avec-conformal-cooling\/","og_locale":"nl_NL","og_type":"article","og_title":"DR4 : Outillages intelligents avec \"conformal cooling\" - TECH4FAB","og_description":"Presentatie Het doel van deze demonstrator is om de prestaties te verbeteren en de totale kosten van metalen gereedschappen (voor smederijen, gieterijen, enz.) te verlagen door het beste van verschillende additive manufacturing-technologie\u00ebn te combineren. De aanpak bestaat erin een 3D-drager met geoptimaliseerde topologie te cre\u00ebren, waarin complexe koelkanalen zijn ge\u00efntegreerd die zich aanpassen aan de [&hellip;]","og_url":"https:\/\/tech4fab.crosss3.eu\/nl\/onderzoeksdemonstratoren\/dr4-outillages-intelligents-avec-conformal-cooling\/","og_site_name":"TECH4FAB","article_modified_time":"2025-09-08T13:32:37+00:00","og_image":[{"width":1920,"height":1279,"url":"https:\/\/tech4fab.crosss3.eu\/wp-content\/uploads\/sites\/8\/2025\/08\/minku-kang-acnintiifd8-unsplash.jpg","type":"image\/jpeg"}],"twitter_card":"summary_large_image","twitter_misc":{"Geschatte leestijd":"1 minuut"},"schema":{"@context":"https:\/\/schema.org","@graph":[{"@type":"WebPage","@id":"https:\/\/tech4fab.crosss3.eu\/nl\/onderzoeksdemonstratoren\/dr4-outillages-intelligents-avec-conformal-cooling\/","url":"https:\/\/tech4fab.crosss3.eu\/nl\/onderzoeksdemonstratoren\/dr4-outillages-intelligents-avec-conformal-cooling\/","name":"DR4 : Outillages intelligents avec \"conformal cooling\" - TECH4FAB","isPartOf":{"@id":"https:\/\/tech4fab.crosss3.eu\/#website"},"primaryImageOfPage":{"@id":"https:\/\/tech4fab.crosss3.eu\/nl\/onderzoeksdemonstratoren\/dr4-outillages-intelligents-avec-conformal-cooling\/#primaryimage"},"image":{"@id":"https:\/\/tech4fab.crosss3.eu\/nl\/onderzoeksdemonstratoren\/dr4-outillages-intelligents-avec-conformal-cooling\/#primaryimage"},"thumbnailUrl":"https:\/\/tech4fab.crosss3.eu\/wp-content\/uploads\/sites\/8\/2025\/08\/minku-kang-acnintiifd8-unsplash.jpg","datePublished":"2025-08-14T11:34:08+00:00","dateModified":"2025-09-08T13:32:37+00:00","breadcrumb":{"@id":"https:\/\/tech4fab.crosss3.eu\/nl\/onderzoeksdemonstratoren\/dr4-outillages-intelligents-avec-conformal-cooling\/#breadcrumb"},"inLanguage":"nl-NL","potentialAction":[{"@type":"ReadAction","target":["https:\/\/tech4fab.crosss3.eu\/nl\/onderzoeksdemonstratoren\/dr4-outillages-intelligents-avec-conformal-cooling\/"]}]},{"@type":"ImageObject","inLanguage":"nl-NL","@id":"https:\/\/tech4fab.crosss3.eu\/nl\/onderzoeksdemonstratoren\/dr4-outillages-intelligents-avec-conformal-cooling\/#primaryimage","url":"https:\/\/tech4fab.crosss3.eu\/wp-content\/uploads\/sites\/8\/2025\/08\/minku-kang-acnintiifd8-unsplash.jpg","contentUrl":"https:\/\/tech4fab.crosss3.eu\/wp-content\/uploads\/sites\/8\/2025\/08\/minku-kang-acnintiifd8-unsplash.jpg"},{"@type":"BreadcrumbList","@id":"https:\/\/tech4fab.crosss3.eu\/nl\/onderzoeksdemonstratoren\/dr4-outillages-intelligents-avec-conformal-cooling\/#breadcrumb","itemListElement":[{"@type":"ListItem","position":1,"name":"Accueil","item":"https:\/\/tech4fab.crosss3.eu\/nl\/home\/"},{"@type":"ListItem","position":2,"name":"Onderzoeksdemonstratoren","item":"https:\/\/tech4fab.crosss3.eu\/onderzoeksdemonstratoren\/"},{"@type":"ListItem","position":3,"name":"DR4 : Outillages intelligents avec \u00ab\u00a0conformal cooling\u00a0\u00bb"}]},{"@type":"WebSite","@id":"https:\/\/tech4fab.crosss3.eu\/#website","url":"https:\/\/tech4fab.crosss3.eu\/","name":"TECH4FAB","description":"Technop\u00f4le de Fabrication Avanc\u00e9e","publisher":{"@id":"https:\/\/tech4fab.crosss3.eu\/#organization"},"potentialAction":[{"@type":"SearchAction","target":{"@type":"EntryPoint","urlTemplate":"https:\/\/tech4fab.crosss3.eu\/?s={search_term_string}"},"query-input":{"@type":"PropertyValueSpecification","valueRequired":true,"valueName":"search_term_string"}}],"inLanguage":"nl-NL"},{"@type":"Organization","@id":"https:\/\/tech4fab.crosss3.eu\/#organization","name":"TECH4FAB","url":"https:\/\/tech4fab.crosss3.eu\/","logo":{"@type":"ImageObject","inLanguage":"nl-NL","@id":"https:\/\/tech4fab.crosss3.eu\/#\/schema\/logo\/image\/","url":"https:\/\/tech4fab.crosss3.eu\/wp-content\/uploads\/sites\/8\/2025\/10\/logo-tech4-crossS3-rvb-600x337-1.jpg","contentUrl":"https:\/\/tech4fab.crosss3.eu\/wp-content\/uploads\/sites\/8\/2025\/10\/logo-tech4-crossS3-rvb-600x337-1.jpg","width":600,"height":337,"caption":"TECH4FAB"},"image":{"@id":"https:\/\/tech4fab.crosss3.eu\/#\/schema\/logo\/image\/"}}]}},"_links":{"self":[{"href":"https:\/\/tech4fab.crosss3.eu\/nl\/wp-json\/wp\/v2\/pages\/473","targetHints":{"allow":["GET"]}}],"collection":[{"href":"https:\/\/tech4fab.crosss3.eu\/nl\/wp-json\/wp\/v2\/pages"}],"about":[{"href":"https:\/\/tech4fab.crosss3.eu\/nl\/wp-json\/wp\/v2\/types\/page"}],"author":[{"embeddable":true,"href":"https:\/\/tech4fab.crosss3.eu\/nl\/wp-json\/wp\/v2\/users\/1"}],"replies":[{"embeddable":true,"href":"https:\/\/tech4fab.crosss3.eu\/nl\/wp-json\/wp\/v2\/comments?post=473"}],"version-history":[{"count":2,"href":"https:\/\/tech4fab.crosss3.eu\/nl\/wp-json\/wp\/v2\/pages\/473\/revisions"}],"predecessor-version":[{"id":522,"href":"https:\/\/tech4fab.crosss3.eu\/nl\/wp-json\/wp\/v2\/pages\/473\/revisions\/522"}],"up":[{"embeddable":true,"href":"https:\/\/tech4fab.crosss3.eu\/nl\/wp-json\/wp\/v2\/pages\/466"}],"wp:attachment":[{"href":"https:\/\/tech4fab.crosss3.eu\/nl\/wp-json\/wp\/v2\/media?parent=473"}],"curies":[{"name":"wp","href":"https:\/\/api.w.org\/{rel}","templated":true}]}}